{"id":30,"date":"2017-02-03T13:55:43","date_gmt":"2017-02-03T12:55:43","guid":{"rendered":"http:\/\/localhost\/gh-lieber\/?page_id=30"},"modified":"2019-09-23T13:43:17","modified_gmt":"2019-09-23T11:43:17","slug":"startseite","status":"publish","type":"page","link":"https:\/\/www.gasthof-lieber.at\/","title":{"rendered":""},"content":{"rendered":"<p><strong>Tradition seit 1911<\/strong><\/p>\n<h1>Gr\u00fc\u00df Gott im Gasthof Lieber!<\/h1>\n<p>Unseren G\u00e4sten, die zu uns kommen,<br \/>\nsagen wir ein herzliches, frohes Willkommen.<\/p>\n<p>Wir hoffen bestimmt, es wird Ihnen allen<br \/>\nin unserem Kreise gut gefallen.<\/p>\n<p>Zuerst gibt es meist etwas Gutes zu essen,<br \/>\nund auch das Trinken wird nicht vergessen.<\/p>\n<p>Das soll zum Erz\u00e4hlen Sie munter machen,<br \/>\nund zum Gespr\u00e4ch \u00fcber heitere und ernste Sachen.<\/p>\n<p>Es soll doch niemand nach Hause gehen<br \/>\nohne den Wunsch, uns mal wiederzusehen.<\/p>\n<p>Lasst Euch ungezwungen und fr\u00f6hlich nieder<br \/>\nund wir glauben:<\/p>\n<p><strong>Wer mal hier war,<br \/>\nder kommt wieder!<\/strong><\/p>\n<p>&nbsp;<\/p>\n<div id='gallery-1' class='gallery galleryid-30 gallery-columns-5 gallery-size-thumbnail'><dl class='gallery-item'>\n\t\t\t<dt class='gallery-icon landscape'>\n\t\t\t\t<a href='https:\/\/www.gasthof-lieber.at\/index.php\/startseite\/ghlieber_135-2\/'><img loading=\"lazy\" decoding=\"async\" width=\"185\" height=\"100\" src=\"https:\/\/www.gasthof-lieber.at\/wp-content\/uploads\/2017\/02\/GHLieber_135-1-185x100.jpg\" class=\"attachment-thumbnail size-thumbnail\" alt=\"gasthof-lieber-schnitzel\" \/><\/a>\n\t\t\t<\/dt><\/dl><dl class='gallery-item'>\n\t\t\t<dt class='gallery-icon landscape'>\n\t\t\t\t<a href='https:\/\/www.gasthof-lieber.at\/index.php\/startseite\/ghlieber_074\/'><img loading=\"lazy\" decoding=\"async\" width=\"185\" height=\"100\" src=\"https:\/\/www.gasthof-lieber.at\/wp-content\/uploads\/2017\/02\/GHLieber_074-185x100.jpg\" class=\"attachment-thumbnail size-thumbnail\" alt=\"gasthof-lieber\" \/><\/a>\n\t\t\t<\/dt><\/dl><dl class='gallery-item'>\n\t\t\t<dt class='gallery-icon landscape'>\n\t\t\t\t<a href='https:\/\/www.gasthof-lieber.at\/index.php\/startseite\/ghlieber_089\/'><img loading=\"lazy\" decoding=\"async\" width=\"185\" height=\"100\" src=\"https:\/\/www.gasthof-lieber.at\/wp-content\/uploads\/2017\/02\/GHLieber_089-185x100.jpg\" class=\"attachment-thumbnail size-thumbnail\" alt=\"gasthof-lieber-k\u00fcche\" \/><\/a>\n\t\t\t<\/dt><\/dl><dl class='gallery-item'>\n\t\t\t<dt class='gallery-icon landscape'>\n\t\t\t\t<a href='https:\/\/www.gasthof-lieber.at\/index.php\/startseite\/ghlieber_047\/'><img loading=\"lazy\" decoding=\"async\" width=\"185\" height=\"100\" src=\"https:\/\/www.gasthof-lieber.at\/wp-content\/uploads\/2017\/02\/GHLieber_047-185x100.jpg\" class=\"attachment-thumbnail size-thumbnail\" alt=\"gasthof-lieber-gaststube\" \/><\/a>\n\t\t\t<\/dt><\/dl><dl class='gallery-item'>\n\t\t\t<dt class='gallery-icon landscape'>\n\t\t\t\t<a href='https:\/\/www.gasthof-lieber.at\/index.php\/startseite\/ghlieber_033\/'><img loading=\"lazy\" decoding=\"async\" width=\"185\" height=\"100\" src=\"https:\/\/www.gasthof-lieber.at\/wp-content\/uploads\/2017\/02\/GHLieber_033-185x100.jpg\" class=\"attachment-thumbnail size-thumbnail\" alt=\"gasthof-lieber-kartenspielen\" \/><\/a>\n\t\t\t<\/dt><\/dl><br style=\"clear: both\" \/>\n\t\t<\/div>\n\n","protected":false},"excerpt":{"rendered":"Tradition seit 1911 Gr\u00fc\u00df Gott im Gasthof Lieber! Unseren G\u00e4sten, die zu uns kommen, sagen wir ein herzliches, frohes Willkommen. Wir hoffen bestimmt, es wird Ihnen allen in unserem Kreise gut gefallen. Zuerst gibt es meist etwas Gutes zu essen, und auch das Trinken wird nicht vergessen. Das soll zum Erz\u00e4hlen Sie munter machen, und&#8230; <a class=\"view-article\" href=\"https:\/\/www.gasthof-lieber.at\/\">Artikel ansehen<\/a>","protected":false},"author":2,"featured_media":0,"parent":0,"menu_order":0,"comment_status":"closed","ping_status":"closed","template":"","meta":{"_exactmetrics_skip_tracking":false,"_exactmetrics_sitenote_active":false,"_exactmetrics_sitenote_note":"","_exactmetrics_sitenote_category":0,"footnotes":""},"class_list":["post-30","page","type-page","status-publish","hentry"],"_links":{"self":[{"href":"https:\/\/www.gasthof-lieber.at\/index.php\/wp-json\/wp\/v2\/pages\/30","targetHints":{"allow":["GET"]}}],"collection":[{"href":"https:\/\/www.gasthof-lieber.at\/index.php\/wp-json\/wp\/v2\/pages"}],"about":[{"href":"https:\/\/www.gasthof-lieber.at\/index.php\/wp-json\/wp\/v2\/types\/page"}],"author":[{"embeddable":true,"href":"https:\/\/www.gasthof-lieber.at\/index.php\/wp-json\/wp\/v2\/users\/2"}],"replies":[{"embeddable":true,"href":"https:\/\/www.gasthof-lieber.at\/index.php\/wp-json\/wp\/v2\/comments?post=30"}],"version-history":[{"count":12,"href":"https:\/\/www.gasthof-lieber.at\/index.php\/wp-json\/wp\/v2\/pages\/30\/revisions"}],"predecessor-version":[{"id":251,"href":"https:\/\/www.gasthof-lieber.at\/index.php\/wp-json\/wp\/v2\/pages\/30\/revisions\/251"}],"wp:attachment":[{"href":"https:\/\/www.gasthof-lieber.at\/index.php\/wp-json\/wp\/v2\/media?parent=30"}],"curies":[{"name":"wp","href":"https:\/\/api.w.org\/{rel}","templated":true}]}}