{"id":20,"date":"2017-02-03T13:29:14","date_gmt":"2017-02-03T12:29:14","guid":{"rendered":"http:\/\/localhost\/gh-lieber\/?page_id=20"},"modified":"2017-02-21T07:50:48","modified_gmt":"2017-02-21T06:50:48","slug":"zimmer","status":"publish","type":"page","link":"https:\/\/www.gasthof-lieber.at\/index.php\/zimmer\/","title":{"rendered":"Zimmer"},"content":{"rendered":"<ul>\n<li>eigenes G\u00e4stehaus in ruhiger Lage<\/li>\n<li>gem\u00fctliche Terrasse<\/li>\n<li>Zimmer mit Dusche oder Bad, WC, F\u00f6hn und Sat-TV<\/li>\n<li>teilweise mit Balkon<\/li>\n<li>Hunde sind erlaubt (gegen Geb\u00fchr)<\/li>\n<li>Parkpl\u00e4tze im Hof vorhanden<\/li>\n<li>nur einige Minuten bis zum Alpenschwimmbad<\/li>\n<li>in der N\u00e4he des ber\u00fchmten \u201cWilden Berg\u201c<\/li>\n<li>traumhafte Wanderwege rund um Mautern<\/li>\n<li>Zimmerreservierung telefonisch erbeten <strong><a href=\"tel:004338452232\">+43 3845 \/ 2232<\/a><\/strong><\/li>\n<\/ul>\n<p>&nbsp;<\/p>\n<div id='gallery-1' class='gallery galleryid-20 gallery-columns-5 gallery-size-thumbnail'><dl class='gallery-item'>\n\t\t\t<dt class='gallery-icon landscape'>\n\t\t\t\t<a href='https:\/\/www.gasthof-lieber.at\/index.php\/zimmer\/_dsc9608\/'><img loading=\"lazy\" decoding=\"async\" width=\"185\" height=\"100\" src=\"https:\/\/www.gasthof-lieber.at\/wp-content\/uploads\/2017\/02\/DSC9608-185x100.jpg\" class=\"attachment-thumbnail size-thumbnail\" alt=\"gasthof-lieber\" \/><\/a>\n\t\t\t<\/dt><\/dl><dl class='gallery-item'>\n\t\t\t<dt class='gallery-icon landscape'>\n\t\t\t\t<a href='https:\/\/www.gasthof-lieber.at\/index.php\/zimmer\/ghlieber_143\/'><img loading=\"lazy\" decoding=\"async\" width=\"185\" height=\"100\" src=\"https:\/\/www.gasthof-lieber.at\/wp-content\/uploads\/2017\/02\/GHLieber_143-185x100.jpg\" class=\"attachment-thumbnail size-thumbnail\" alt=\"gasthof-lieber-zimmer\" \/><\/a>\n\t\t\t<\/dt><\/dl><dl class='gallery-item'>\n\t\t\t<dt class='gallery-icon landscape'>\n\t\t\t\t<a href='https:\/\/www.gasthof-lieber.at\/index.php\/zimmer\/ghlieber_147\/'><img loading=\"lazy\" decoding=\"async\" width=\"185\" height=\"100\" src=\"https:\/\/www.gasthof-lieber.at\/wp-content\/uploads\/2017\/02\/GHLieber_147-185x100.jpg\" class=\"attachment-thumbnail size-thumbnail\" alt=\"gasthof-lieber\" \/><\/a>\n\t\t\t<\/dt><\/dl><dl class='gallery-item'>\n\t\t\t<dt class='gallery-icon landscape'>\n\t\t\t\t<a href='https:\/\/www.gasthof-lieber.at\/index.php\/zimmer\/ghlieber_148\/'><img loading=\"lazy\" decoding=\"async\" width=\"185\" height=\"100\" src=\"https:\/\/www.gasthof-lieber.at\/wp-content\/uploads\/2017\/02\/GHLieber_148-185x100.jpg\" class=\"attachment-thumbnail size-thumbnail\" alt=\"gasthof-lieber\" \/><\/a>\n\t\t\t<\/dt><\/dl><dl class='gallery-item'>\n\t\t\t<dt class='gallery-icon landscape'>\n\t\t\t\t<a href='https:\/\/www.gasthof-lieber.at\/index.php\/zimmer\/mautern-lieber_8391_bearbeitet\/'><img loading=\"lazy\" decoding=\"async\" width=\"185\" height=\"100\" src=\"https:\/\/www.gasthof-lieber.at\/wp-content\/uploads\/2017\/02\/Mautern-Lieber_8391_bearbeitet-185x100.jpg\" class=\"attachment-thumbnail size-thumbnail\" alt=\"gasthof-lieber\" \/><\/a>\n\t\t\t<\/dt><\/dl><br style=\"clear: both\" \/>\n\t\t<\/div>\n\n","protected":false},"excerpt":{"rendered":"eigenes G\u00e4stehaus in ruhiger Lage gem\u00fctliche Terrasse Zimmer mit Dusche oder Bad, WC, F\u00f6hn und Sat-TV teilweise mit Balkon Hunde sind erlaubt (gegen Geb\u00fchr) Parkpl\u00e4tze im Hof vorhanden nur einige Minuten bis zum Alpenschwimmbad in der N\u00e4he des ber\u00fchmten \u201cWilden Berg\u201c traumhafte Wanderwege rund um Mautern Zimmerreservierung telefonisch erbeten +43 3845 \/ 2232 &nbsp;","protected":false},"author":2,"featured_media":0,"parent":0,"menu_order":0,"comment_status":"closed","ping_status":"closed","template":"","meta":{"_exactmetrics_skip_tracking":false,"_exactmetrics_sitenote_active":false,"_exactmetrics_sitenote_note":"","_exactmetrics_sitenote_category":0,"footnotes":""},"class_list":["post-20","page","type-page","status-publish","hentry"],"_links":{"self":[{"href":"https:\/\/www.gasthof-lieber.at\/index.php\/wp-json\/wp\/v2\/pages\/20","targetHints":{"allow":["GET"]}}],"collection":[{"href":"https:\/\/www.gasthof-lieber.at\/index.php\/wp-json\/wp\/v2\/pages"}],"about":[{"href":"https:\/\/www.gasthof-lieber.at\/index.php\/wp-json\/wp\/v2\/types\/page"}],"author":[{"embeddable":true,"href":"https:\/\/www.gasthof-lieber.at\/index.php\/wp-json\/wp\/v2\/users\/2"}],"replies":[{"embeddable":true,"href":"https:\/\/www.gasthof-lieber.at\/index.php\/wp-json\/wp\/v2\/comments?post=20"}],"version-history":[{"count":13,"href":"https:\/\/www.gasthof-lieber.at\/index.php\/wp-json\/wp\/v2\/pages\/20\/revisions"}],"predecessor-version":[{"id":158,"href":"https:\/\/www.gasthof-lieber.at\/index.php\/wp-json\/wp\/v2\/pages\/20\/revisions\/158"}],"wp:attachment":[{"href":"https:\/\/www.gasthof-lieber.at\/index.php\/wp-json\/wp\/v2\/media?parent=20"}],"curies":[{"name":"wp","href":"https:\/\/api.w.org\/{rel}","templated":true}]}}